{"id":244,"date":"2024-05-24T09:01:39","date_gmt":"2024-05-24T09:01:39","guid":{"rendered":"https:\/\/wennwiewo.ch\/?page_id=244"},"modified":"2024-05-24T09:02:31","modified_gmt":"2024-05-24T09:02:31","slug":"datenschutz","status":"publish","type":"page","link":"https:\/\/wennwiewo.ch\/index.php\/datenschutz\/","title":{"rendered":"Datenschutz"},"content":{"rendered":"\n<p><strong>Datenschutzerkl\u00e4rung f\u00fcr WennWieWo.ch<\/strong><\/p>\n\n\n\n<p><strong>Einleitung<\/strong><\/p>\n\n\n\n<p>Willkommen auf der Website &#8222;WennWieWo.ch&#8220;. Der Schutz Ihrer pers\u00f6nlichen Daten ist uns ein wichtiges Anliegen. Mit dieser Datenschutzerkl\u00e4rung m\u00f6chten wir Sie dar\u00fcber informieren, wie wir Ihre personenbezogenen Daten erheben, verarbeiten und nutzen, wenn Sie unsere Website<\/p>\n\n\n\n<p><strong>Erhebung und Speicherung personenbezogener Daten sowie Art und Zweck von deren Verwendung<\/strong><\/p>\n\n\n\n<p>Beim Besuch der Website<\/p>\n\n\n\n<p>Beim Aufrufen unserer Website <a href=\"http:\/\/www.wennwiewo.ch\/\">www.wennwiewo.ch<\/a> werden durch den auf Ihrem Endger\u00e4t zum Einsatz kommenden Browser automatisch Informationen an den Server unserer Website gesendet. Diese Informationen werden tempor\u00e4r in einem sog. Logfile gespeichert. Folgende Informationen werden dabei ohne Ihr Zutun erfasst und bis zur automatisierten L\u00f6schung gespeichert:<\/p>\n\n\n\n<p>Die Rechtsgrundlage f\u00fcr die Datenverarbeitung ist Art. 13 Abs. 2 lit. a des Schweizer Datenschutzgesetzes (DSG). Unser berechtigtes Interesse folgt aus oben aufgelisteten Zwecken zur Datenerhebung. In keinem Fall verwenden wir die erhobenen Daten zu dem Zweck, R\u00fcckschl\u00fcsse auf Ihre Person zu ziehen.<\/p>\n\n\n\n<p>Bei der Registrierung f\u00fcr Events und Eintragung eigener Events<\/p>\n\n\n\n<p>Wenn Sie sich auf unserer Website registrieren, um Events anzusehen oder eigene Events einzutragen, erheben wir folgende personenbezogene Daten:<\/p>\n\n\n\n<ul class=\"wp-block-list\">\n<li>Name,<\/li>\n\n\n\n<li>E-Mail-Adresse,<\/li>\n\n\n\n<li>ggf. Veranstaltungsdetails (Titel, Beschreibung, Ort, Zeit).<\/li>\n<\/ul>\n\n\n\n<p>Die Erhebung dieser Daten erfolgt,<\/p>\n\n\n\n<ul class=\"wp-block-list\">\n<li>um Sie als unseren Nutzer identifizieren zu k\u00f6nnen,<\/li>\n\n\n\n<li>um Ihre Berechtigung zur Nutzung bestimmter Dienstleistungen zu verifizieren,<\/li>\n\n\n\n<li>zur Korrespondenz mit Ihnen,<\/li>\n\n\n\n<li>zur Abwicklung von etwaigen vorvertraglichen und vertraglichen Beziehungen.<\/li>\n<\/ul>\n\n\n\n<p>Die Datenverarbeitung erfolgt auf Ihre Anfrage hin und ist nach Art. 13 Abs. 2 lit. a DSG zu den genannten Zwecken f\u00fcr die angemessene Bearbeitung Ihrer Registrierung und f\u00fcr die beidseitige Erf\u00fcllung von Verpflichtungen aus dem Nutzungsverh\u00e4ltnis erforderlich.<\/p>\n\n\n\n<p><strong>Datenweitergabe an Dritte<\/strong><\/p>\n\n\n\n<p>Eine \u00dcbermittlung Ihrer pers\u00f6nlichen Daten an Dritte zu anderen als den im Folgenden aufgef\u00fchrten Zwecken findet nicht statt.<\/p>\n\n\n\n<p>Wir geben Ihre pers\u00f6nlichen Daten nur an Dritte weiter, wenn:<\/p>\n\n\n\n<ul class=\"wp-block-list\">\n<li>Sie Ihre nach Art. 13 Abs. 1 DSG ausdr\u00fcckliche Einwilligung dazu erteilt haben,<\/li>\n\n\n\n<li>die Weitergabe zur Erf\u00fcllung einer gesetzlichen Verpflichtung erforderlich ist,<\/li>\n\n\n\n<li>dies gesetzlich zul\u00e4ssig und nach Art. 13 Abs. 2 lit. a DSG f\u00fcr die Abwicklung von Vertragsverh\u00e4ltnissen mit Ihnen erforderlich ist.<\/li>\n<\/ul>\n\n\n\n<p><strong>Datensicherheit<\/strong><\/p>\n\n\n\n<p>Wir verwenden innerhalb des Website-Besuchs das verbreitete SSL-Verfahren (Secure Socket Layer) in Verbindung mit der jeweils h\u00f6chsten Verschl\u00fcsselungsstufe, die von Ihrem Browser unterst\u00fctzt wird. Ob eine einzelne Seite unseres Internetauftrittes verschl\u00fcsselt \u00fcbertragen wird, erkennen Sie an der geschlossenen Darstellung des Schl\u00fcssel- beziehungsweise Schloss-Symbols in der unteren Statusleiste Ihres Browsers.<\/p>\n\n\n\n<p>Wir bedienen uns im \u00dcbrigen geeigneter technischer und organisatorischer Sicherheitsma\u00dfnahmen, um Ihre Daten gegen zuf\u00e4llige oder vors\u00e4tzliche Manipulationen, teilweisen oder vollst\u00e4ndigen Verlust, Zerst\u00f6rung oder gegen den unbefugten Zugriff Dritter zu sch\u00fctzen. Unsere Sicherheitsma\u00dfnahmen werden entsprechend der technologischen Entwicklung fortlaufend verbessert.<\/p>\n\n\n\n<p><strong>Betroffenenrechte<\/strong><\/p>\n\n\n\n<p>Sie haben das Recht:<\/p>\n\n\n\n<ul class=\"wp-block-list\">\n<li>gem\u00e4\u00df Art. 25 DSG Auskunft \u00fcber Ihre von uns verarbeiteten personenbezogenen Daten zu verlangen. Insbesondere k\u00f6nnen Sie Auskunft \u00fcber die Verarbeitungszwecke, die Kategorie der personenbezogenen Daten, die Kategorien von Empf\u00e4ngern, gegen\u00fcber denen Ihre Daten offengelegt wurden oder werden, die geplante Speicherdauer, das Bestehen eines Rechts auf Berichtigung, L\u00f6schung, Einschr\u00e4nkung der Verarbeitung oder Widerspruch, das Bestehen eines Beschwerderechts, die Herkunft ihrer Daten, sofern diese nicht bei uns erhoben wurden, sowie \u00fcber das Bestehen einer automatisierten Entscheidungsfindung einschlie\u00dflich Profiling und ggf. aussagekr\u00e4ftigen Informationen zu deren Einzelheiten verlangen;<\/li>\n\n\n\n<li>gem\u00e4\u00df Art. 32 DSG die Berichtigung unrichtiger oder Vervollst\u00e4ndigung Ihrer bei uns gespeicherten personenbezogenen Daten zu verlangen;<\/li>\n\n\n\n<li>gem\u00e4\u00df Art. 32 DSG die L\u00f6schung Ihrer bei uns gespeicherten personenbezogenen Daten zu verlangen, soweit nicht die Verarbeitung zur Aus\u00fcbung des Rechts auf freie Meinungs\u00e4u\u00dferung und Information, zur Erf\u00fcllung einer rechtlichen Verpflichtung, aus Gr\u00fcnden des \u00f6ffentlichen Interesses oder zur Geltendmachung, Aus\u00fcbung oder Verteidigung von Rechtsanspr\u00fcchen erforderlich ist;<\/li>\n\n\n\n<li>gem\u00e4\u00df Art. 35 DSG die Einschr\u00e4nkung der Verarbeitung Ihrer personenbezogenen Daten zu verlangen, soweit die Richtigkeit der Daten von Ihnen bestritten wird, die Verarbeitung unrechtm\u00e4\u00dfig ist, Sie aber deren L\u00f6schung ablehnen und wir die Daten nicht mehr ben\u00f6tigen, Sie jedoch diese zur Geltendmachung, Aus\u00fcbung oder Verteidigung von Rechtsanspr\u00fcchen ben\u00f6tigen oder Sie gem\u00e4\u00df Art. 36 DSG Widerspruch gegen die Verarbeitung eingelegt haben;<\/li>\n\n\n\n<li>gem\u00e4\u00df Art. 28 DSG Ihre personenbezogenen Daten, die Sie uns bereitgestellt haben, in einem strukturierten, g\u00e4ngigen und maschinenlesebaren Format zu erhalten oder die \u00dcbermittlung an einen anderen Verantwortlichen zu verlangen;<\/li>\n\n\n\n<li>gem\u00e4\u00df Art. 13 Abs. 2 lit. c DSG Ihre einmal erteilte Einwilligung jederzeit gegen\u00fcber uns zu widerrufen. Dies hat zur Folge, dass wir die Datenverarbeitung, die auf dieser Einwilligung beruhte, f\u00fcr die Zukunft nicht mehr fortf\u00fchren d\u00fcrfen und<\/li>\n\n\n\n<li>gem\u00e4\u00df Art. 77 DSG sich bei einer Aufsichtsbeh\u00f6rde zu beschweren. In der Regel k\u00f6nnen Sie sich hierf\u00fcr an die Aufsichtsbeh\u00f6rde Ihres \u00fcblichen Aufenthaltsortes oder Arbeitsplatzes oder unseres Unternehmenssitzes wenden.<\/li>\n<\/ul>\n\n\n\n<p><strong>Widerspruchsrecht<\/strong><\/p>\n\n\n\n<p>Sofern Ihre personenbezogenen Daten auf Grundlage von berechtigten Interessen gem\u00e4\u00df Art. 13 Abs. 2 lit. a DSG verarbeitet werden, haben Sie das Recht, gem\u00e4\u00df Art. 36 DSG Widerspruch gegen die Verarbeitung Ihrer personenbezogenen Daten einzulegen, soweit daf\u00fcr Gr\u00fcnde vorliegen, die sich aus Ihrer besonderen Situation ergeben oder sich der Widerspruch gegen Direktwerbung richtet. Im letzteren Fall haben Sie ein generelles Widerspruchsrecht, das ohne Angabe einer besonderen Situation von uns umgesetzt wird.<\/p>\n\n\n\n<p><strong>Aktualit\u00e4t und \u00c4nderung dieser Datenschutzerkl\u00e4rung<\/strong><\/p>\n\n\n\n<p>Diese Datenschutzerkl\u00e4rung ist aktuell g\u00fcltig und hat den Stand Mai 2024.<\/p>\n\n\n\n<p>Durch die Weiterentwicklung unserer Website und Angebote dar\u00fcber oder aufgrund ge\u00e4nderter gesetzlicher beziehungsweise beh\u00f6rdlicher Vorgaben kann es notwendig werden, diese Datenschutzerkl\u00e4rung zu \u00e4ndern. \u00a0\u00c4nderungen k\u00f6nnen jederzeit auf wennwiewo.ch\/index.php\/datenschutz angesehen werden.<\/p>\n","protected":false},"excerpt":{"rendered":"<p>Datenschutzerkl\u00e4rung f\u00fcr WennWieWo.ch Einleitung Willkommen auf der Website &#8222;WennWieWo.ch&#8220;. Der Schutz Ihrer pers\u00f6nlichen Daten ist uns ein wichtiges Anliegen. Mit [&hellip;]<\/p>\n","protected":false},"author":1,"featured_media":0,"parent":0,"menu_order":0,"comment_status":"closed","ping_status":"closed","template":"","meta":{"_monsterinsights_skip_tracking":false,"_monsterinsights_sitenote_active":false,"_monsterinsights_sitenote_note":"","_monsterinsights_sitenote_category":0,"site-sidebar-layout":"default","site-content-layout":"","ast-site-content-layout":"default","site-content-style":"default","site-sidebar-style":"default","ast-global-header-display":"","ast-banner-title-visibility":"","ast-main-header-display":"","ast-hfb-above-header-display":"","ast-hfb-below-header-display":"","ast-hfb-mobile-header-display":"","site-post-title":"","ast-breadcrumbs-content":"","ast-featured-img":"","footer-sml-layout":"","ast-disable-related-posts":"","theme-transparent-header-meta":"","adv-header-id-meta":"","stick-header-meta":"","header-above-stick-meta":"","header-main-stick-meta":"","header-below-stick-meta":"","astra-migrate-meta-layouts":"default","ast-page-background-enabled":"default","ast-page-background-meta":{"desktop":{"background-color":"var(--ast-global-color-4)","background-image":"","background-repeat":"repeat","background-position":"center center","background-size":"auto","background-attachment":"scroll","background-type":"","background-media":"","overlay-type":"","overlay-color":"","overlay-opacity":"","overlay-gradient":""},"tablet":{"background-color":"","background-image":"","background-repeat":"repeat","background-position":"center center","background-size":"auto","background-attachment":"scroll","background-type":"","background-media":"","overlay-type":"","overlay-color":"","overlay-opacity":"","overlay-gradient":""},"mobile":{"background-color":"","background-image":"","background-repeat":"repeat","background-position":"center center","background-size":"auto","background-attachment":"scroll","background-type":"","background-media":"","overlay-type":"","overlay-color":"","overlay-opacity":"","overlay-gradient":""}},"ast-content-background-meta":{"desktop":{"background-color":"var(--ast-global-color-5)","background-image":"","background-repeat":"repeat","background-position":"center center","background-size":"auto","background-attachment":"scroll","background-type":"","background-media":"","overlay-type":"","overlay-color":"","overlay-opacity":"","overlay-gradient":""},"tablet":{"background-color":"var(--ast-global-color-5)","background-image":"","background-repeat":"repeat","background-position":"center center","background-size":"auto","background-attachment":"scroll","background-type":"","background-media":"","overlay-type":"","overlay-color":"","overlay-opacity":"","overlay-gradient":""},"mobile":{"background-color":"var(--ast-global-color-5)","background-image":"","background-repeat":"repeat","background-position":"center center","background-size":"auto","background-attachment":"scroll","background-type":"","background-media":"","overlay-type":"","overlay-color":"","overlay-opacity":"","overlay-gradient":""}},"footnotes":""},"class_list":["post-244","page","type-page","status-publish","hentry"],"yoast_head":"<!-- This site is optimized with the Yoast SEO plugin v27.5 - https:\/\/yoast.com\/product\/yoast-seo-wordpress\/ -->\n<title>Datenschutz - WennWieWo<\/title>\n<meta name=\"robots\" content=\"index, follow, max-snippet:-1, max-image-preview:large, max-video-preview:-1\" \/>\n<link rel=\"canonical\" href=\"https:\/\/wennwiewo.ch\/index.php\/datenschutz\/\" \/>\n<meta property=\"og:locale\" content=\"de_DE\" \/>\n<meta property=\"og:type\" content=\"article\" \/>\n<meta property=\"og:title\" content=\"Datenschutz - WennWieWo\" \/>\n<meta property=\"og:description\" content=\"Datenschutzerkl\u00e4rung f\u00fcr WennWieWo.ch Einleitung Willkommen auf der Website &#8222;WennWieWo.ch&#8220;. Der Schutz Ihrer pers\u00f6nlichen Daten ist uns ein wichtiges Anliegen. Mit [&hellip;]\" \/>\n<meta property=\"og:url\" content=\"https:\/\/wennwiewo.ch\/index.php\/datenschutz\/\" \/>\n<meta property=\"og:site_name\" content=\"WennWieWo\" \/>\n<meta property=\"article:modified_time\" content=\"2024-05-24T09:02:31+00:00\" \/>\n<meta name=\"twitter:card\" content=\"summary_large_image\" \/>\n<meta name=\"twitter:label1\" content=\"Gesch\u00e4tzte Lesezeit\" \/>\n\t<meta name=\"twitter:data1\" content=\"5\u00a0Minuten\" \/>\n<script type=\"application\/ld+json\" class=\"yoast-schema-graph\">{\"@context\":\"https:\\\/\\\/schema.org\",\"@graph\":[{\"@type\":\"WebPage\",\"@id\":\"https:\\\/\\\/wennwiewo.ch\\\/index.php\\\/datenschutz\\\/\",\"url\":\"https:\\\/\\\/wennwiewo.ch\\\/index.php\\\/datenschutz\\\/\",\"name\":\"Datenschutz - WennWieWo\",\"isPartOf\":{\"@id\":\"https:\\\/\\\/wennwiewo.ch\\\/#website\"},\"datePublished\":\"2024-05-24T09:01:39+00:00\",\"dateModified\":\"2024-05-24T09:02:31+00:00\",\"breadcrumb\":{\"@id\":\"https:\\\/\\\/wennwiewo.ch\\\/index.php\\\/datenschutz\\\/#breadcrumb\"},\"inLanguage\":\"de\",\"potentialAction\":[{\"@type\":\"ReadAction\",\"target\":[\"https:\\\/\\\/wennwiewo.ch\\\/index.php\\\/datenschutz\\\/\"]}]},{\"@type\":\"BreadcrumbList\",\"@id\":\"https:\\\/\\\/wennwiewo.ch\\\/index.php\\\/datenschutz\\\/#breadcrumb\",\"itemListElement\":[{\"@type\":\"ListItem\",\"position\":1,\"name\":\"Startseite\",\"item\":\"https:\\\/\\\/wennwiewo.ch\\\/\"},{\"@type\":\"ListItem\",\"position\":2,\"name\":\"Datenschutz\"}]},{\"@type\":\"WebSite\",\"@id\":\"https:\\\/\\\/wennwiewo.ch\\\/#website\",\"url\":\"https:\\\/\\\/wennwiewo.ch\\\/\",\"name\":\"WennWieWo\",\"description\":\"\",\"publisher\":{\"@id\":\"https:\\\/\\\/wennwiewo.ch\\\/#organization\"},\"potentialAction\":[{\"@type\":\"SearchAction\",\"target\":{\"@type\":\"EntryPoint\",\"urlTemplate\":\"https:\\\/\\\/wennwiewo.ch\\\/?s={search_term_string}\"},\"query-input\":{\"@type\":\"PropertyValueSpecification\",\"valueRequired\":true,\"valueName\":\"search_term_string\"}}],\"inLanguage\":\"de\"},{\"@type\":\"Organization\",\"@id\":\"https:\\\/\\\/wennwiewo.ch\\\/#organization\",\"name\":\"WennWieWo\",\"url\":\"https:\\\/\\\/wennwiewo.ch\\\/\",\"logo\":{\"@type\":\"ImageObject\",\"inLanguage\":\"de\",\"@id\":\"https:\\\/\\\/wennwiewo.ch\\\/#\\\/schema\\\/logo\\\/image\\\/\",\"url\":\"https:\\\/\\\/wennwiewo.ch\\\/wp-content\\\/uploads\\\/2024\\\/06\\\/WennWieWo_Logo_Trim_1.0.png\",\"contentUrl\":\"https:\\\/\\\/wennwiewo.ch\\\/wp-content\\\/uploads\\\/2024\\\/06\\\/WennWieWo_Logo_Trim_1.0.png\",\"width\":1453,\"height\":367,\"caption\":\"WennWieWo\"},\"image\":{\"@id\":\"https:\\\/\\\/wennwiewo.ch\\\/#\\\/schema\\\/logo\\\/image\\\/\"},\"sameAs\":[\"https:\\\/\\\/www.instagram.com\\\/wennwiewo\\\/\"]}]}<\/script>\n<!-- \/ Yoast SEO plugin. -->","yoast_head_json":{"title":"Datenschutz - WennWieWo","robots":{"index":"index","follow":"follow","max-snippet":"max-snippet:-1","max-image-preview":"max-image-preview:large","max-video-preview":"max-video-preview:-1"},"canonical":"https:\/\/wennwiewo.ch\/index.php\/datenschutz\/","og_locale":"de_DE","og_type":"article","og_title":"Datenschutz - WennWieWo","og_description":"Datenschutzerkl\u00e4rung f\u00fcr WennWieWo.ch Einleitung Willkommen auf der Website &#8222;WennWieWo.ch&#8220;. Der Schutz Ihrer pers\u00f6nlichen Daten ist uns ein wichtiges Anliegen. Mit [&hellip;]","og_url":"https:\/\/wennwiewo.ch\/index.php\/datenschutz\/","og_site_name":"WennWieWo","article_modified_time":"2024-05-24T09:02:31+00:00","twitter_card":"summary_large_image","twitter_misc":{"Gesch\u00e4tzte Lesezeit":"5\u00a0Minuten"},"schema":{"@context":"https:\/\/schema.org","@graph":[{"@type":"WebPage","@id":"https:\/\/wennwiewo.ch\/index.php\/datenschutz\/","url":"https:\/\/wennwiewo.ch\/index.php\/datenschutz\/","name":"Datenschutz - WennWieWo","isPartOf":{"@id":"https:\/\/wennwiewo.ch\/#website"},"datePublished":"2024-05-24T09:01:39+00:00","dateModified":"2024-05-24T09:02:31+00:00","breadcrumb":{"@id":"https:\/\/wennwiewo.ch\/index.php\/datenschutz\/#breadcrumb"},"inLanguage":"de","potentialAction":[{"@type":"ReadAction","target":["https:\/\/wennwiewo.ch\/index.php\/datenschutz\/"]}]},{"@type":"BreadcrumbList","@id":"https:\/\/wennwiewo.ch\/index.php\/datenschutz\/#breadcrumb","itemListElement":[{"@type":"ListItem","position":1,"name":"Startseite","item":"https:\/\/wennwiewo.ch\/"},{"@type":"ListItem","position":2,"name":"Datenschutz"}]},{"@type":"WebSite","@id":"https:\/\/wennwiewo.ch\/#website","url":"https:\/\/wennwiewo.ch\/","name":"WennWieWo","description":"","publisher":{"@id":"https:\/\/wennwiewo.ch\/#organization"},"potentialAction":[{"@type":"SearchAction","target":{"@type":"EntryPoint","urlTemplate":"https:\/\/wennwiewo.ch\/?s={search_term_string}"},"query-input":{"@type":"PropertyValueSpecification","valueRequired":true,"valueName":"search_term_string"}}],"inLanguage":"de"},{"@type":"Organization","@id":"https:\/\/wennwiewo.ch\/#organization","name":"WennWieWo","url":"https:\/\/wennwiewo.ch\/","logo":{"@type":"ImageObject","inLanguage":"de","@id":"https:\/\/wennwiewo.ch\/#\/schema\/logo\/image\/","url":"https:\/\/wennwiewo.ch\/wp-content\/uploads\/2024\/06\/WennWieWo_Logo_Trim_1.0.png","contentUrl":"https:\/\/wennwiewo.ch\/wp-content\/uploads\/2024\/06\/WennWieWo_Logo_Trim_1.0.png","width":1453,"height":367,"caption":"WennWieWo"},"image":{"@id":"https:\/\/wennwiewo.ch\/#\/schema\/logo\/image\/"},"sameAs":["https:\/\/www.instagram.com\/wennwiewo\/"]}]}},"_links":{"self":[{"href":"https:\/\/wennwiewo.ch\/index.php\/wp-json\/wp\/v2\/pages\/244","targetHints":{"allow":["GET"]}}],"collection":[{"href":"https:\/\/wennwiewo.ch\/index.php\/wp-json\/wp\/v2\/pages"}],"about":[{"href":"https:\/\/wennwiewo.ch\/index.php\/wp-json\/wp\/v2\/types\/page"}],"author":[{"embeddable":true,"href":"https:\/\/wennwiewo.ch\/index.php\/wp-json\/wp\/v2\/users\/1"}],"replies":[{"embeddable":true,"href":"https:\/\/wennwiewo.ch\/index.php\/wp-json\/wp\/v2\/comments?post=244"}],"version-history":[{"count":2,"href":"https:\/\/wennwiewo.ch\/index.php\/wp-json\/wp\/v2\/pages\/244\/revisions"}],"predecessor-version":[{"id":246,"href":"https:\/\/wennwiewo.ch\/index.php\/wp-json\/wp\/v2\/pages\/244\/revisions\/246"}],"wp:attachment":[{"href":"https:\/\/wennwiewo.ch\/index.php\/wp-json\/wp\/v2\/media?parent=244"}],"curies":[{"name":"wp","href":"https:\/\/api.w.org\/{rel}","templated":true}]}}